{"id":2362,"date":"2025-06-10T01:52:34","date_gmt":"2025-06-10T01:52:34","guid":{"rendered":"https:\/\/osabrandingstudio.com\/?page_id=2362"},"modified":"2026-02-27T01:57:58","modified_gmt":"2026-02-27T01:57:58","slug":"abertura","status":"publish","type":"page","link":"https:\/\/osabrandingstudio.com\/en\/","title":{"rendered":"abertura"},"content":{"rendered":"<div data-elementor-type=\"wp-page\" data-elementor-id=\"2362\" class=\"elementor elementor-2362\" data-elementor-post-type=\"page\">\n\t\t\t\t<div class=\"elementor-element elementor-element-bbbab58 e-con-full e-flex e-con e-parent\" data-id=\"bbbab58\" data-element_type=\"container\" data-e-type=\"container\" data-settings=\"{&quot;jet_parallax_layout_list&quot;:[]}\">\n\t\t\t\t<div class=\"elementor-element elementor-element-1d42097 elementor-widget elementor-widget-html\" data-id=\"1d42097\" data-element_type=\"widget\" data-e-type=\"widget\" data-widget_type=\"html.default\">\n\t\t\t\t<div class=\"elementor-widget-container\">\n\t\t\t\t\t<!DOCTYPE html>\r\n<html lang=\"pt-BR\">\r\n<head>\r\n    <meta charset=\"UTF-8\">\r\n    <meta name=\"viewport\" content=\"width=device-width, initial-scale=1.0\">\r\n    <title>OSA Branding Studio<\/title>\r\n    <style>\r\n        body, html {\r\n            margin: 0;\r\n            padding: 0;\r\n            height: 100%;\r\n            width: 100%;\r\n            overflow: hidden;\r\n            background-color: black;\r\n            font-family: Arial, sans-serif;\r\n        }\r\n        #responsive-gif-container {\r\n            position: fixed;\r\n            top: 0;\r\n            left: 0;\r\n            width: 100vw;\r\n            height: 100vh;\r\n            object-fit: contain;\r\n        }\r\n        #redirect-button {\r\n            position: fixed;\r\n            top: 50%;\r\n            left: 50%;\r\n            transform: translate(-50%, -50%);\r\n            padding: 12px 30px;\r\n            background-color: white;\r\n            color: black;\r\n            border: none;\r\n            border-radius: 5px;\r\n            font-size: 18px;\r\n            cursor: pointer;\r\n            z-index: 100;\r\n            display: none;\r\n            transition: background-color 0.3s;\r\n        }\r\n        #redirect-button:hover {\r\n            background-color: #e0e0e0;\r\n        }\r\n    <\/style>\r\n<\/head>\r\n<body>\r\n    <img id=\"responsive-gif-container\" alt=\"GIF responsivo\" \/>\r\n    <button id=\"redirect-button\">ENTRAR<\/button>\r\n\r\n    <script>\r\n        document.addEventListener('DOMContentLoaded', function() {\r\n            const gifElement = document.getElementById('responsive-gif-container');\r\n            const redirectButton = document.getElementById('redirect-button');\r\n            const desktopGifSrc = 'http:\/\/osabrandingstudio.com\/wp-content\/uploads\/2025\/07\/OSA-branding-studio-.gif';\r\n            const mobileGifSrc = 'http:\/\/osabrandingstudio.com\/wp-content\/uploads\/2025\/06\/mobile.gif';\r\n\r\n            const desktopGifDuration = 6000;\r\n            const mobileGifDuration = 6000;\r\n\r\n            const redirectUrl = 'https:\/\/osabrandingstudio.com\/homenew';\r\n            let currentGifType = null;\r\n            let redirectTimeoutId = null;\r\n            let errorTimeoutId = null;\r\n\r\n            function performRedirect() {\r\n                window.location.href = redirectUrl;\r\n            }\r\n\r\n            \/\/ Fun\u00e7\u00e3o para mostrar o bot\u00e3o caso o redirecionamento autom\u00e1tico falhe\r\n            function showRedirectButton() {\r\n                redirectButton.style.display = 'block';\r\n            }\r\n\r\n            redirectButton.addEventListener('click', performRedirect);\r\n\r\n            function loadAppropriateGif() {\r\n                const isDesktopView = window.innerWidth \/ window.innerHeight > 1;\r\n                const newGifType = isDesktopView ? 'desktop' : 'mobile';\r\n                const newSrc = isDesktopView ? desktopGifSrc : mobileGifSrc;\r\n                const duration = isDesktopView ? desktopGifDuration : mobileGifDuration;\r\n\r\n                if (newGifType !== currentGifType) {\r\n                    currentGifType = newGifType;\r\n\r\n                    if (redirectTimeoutId) {\r\n                        clearTimeout(redirectTimeoutId);\r\n                        redirectTimeoutId = null;\r\n                    }\r\n\r\n                    if (errorTimeoutId) {\r\n                        clearTimeout(errorTimeoutId);\r\n                        errorTimeoutId = null;\r\n                    }\r\n\r\n                    gifElement.onload = function() {\r\n                        redirectTimeoutId = setTimeout(performRedirect, duration);\r\n                        \/\/ Define um timeout ligeiramente maior para mostrar o bot\u00e3o caso o redirecionamento falhe\r\n                        errorTimeoutId = setTimeout(showRedirectButton, duration + 2000);\r\n                    };\r\n                    \r\n                    gifElement.onerror = function() {\r\n                        \/\/ Se houver erro ao carregar o GIF, mostra o bot\u00e3o imediatamente\r\n                        showRedirectButton();\r\n                    };\r\n                    \r\n                    gifElement.src = newSrc;\r\n                }\r\n            }\r\n\r\n            loadAppropriateGif();\r\n            window.addEventListener('resize', loadAppropriateGif);\r\n            \r\n            \/\/ Backup: se ap\u00f3s 8 segundos ainda estivermos na p\u00e1gina, mostra o bot\u00e3o\r\n            setTimeout(showRedirectButton, 8000);\r\n        });\r\n    <\/script>\r\n<\/body>\r\n<\/html>\t\t\t\t<\/div>\n\t\t\t\t<\/div>\n\t\t\t\t<\/div>\n\t\t\t\t<\/div>","protected":false},"excerpt":{"rendered":"<p>OSA Branding Studio ENTRAR<\/p>","protected":false},"author":1,"featured_media":2822,"parent":0,"menu_order":0,"comment_status":"closed","ping_status":"closed","template":"elementor_canvas","meta":{"footnotes":""},"class_list":["post-2362","page","type-page","status-publish","has-post-thumbnail","hentry"],"yoast_head":"<!-- This site is optimized with the Yoast SEO plugin v27.3 - https:\/\/yoast.com\/product\/yoast-seo-wordpress\/ -->\n<title>\u00d4SA | diferente do que est\u00e1s habituado.<\/title>\n<meta name=\"description\" content=\"Ag\u00eancia especializada em Branding e Design, usando t\u00e9cnicas criativas e conceituais, ajudando empresas na cria\u00e7\u00e3o da sua estrat\u00e9gia de marca.\" \/>\n<meta name=\"robots\" content=\"index, follow, max-snippet:-1, max-image-preview:large, max-video-preview:-1\" \/>\n<link rel=\"canonical\" href=\"https:\/\/osabrandingstudio.com\/en\/\" \/>\n<meta property=\"og:locale\" content=\"en_US\" \/>\n<meta property=\"og:type\" content=\"article\" \/>\n<meta property=\"og:title\" content=\"\u00d4SA | diferente do que est\u00e1s habituado.\" \/>\n<meta property=\"og:description\" content=\"Ag\u00eancia especializada em Branding e Design, usando t\u00e9cnicas criativas e conceituais, ajudando empresas na cria\u00e7\u00e3o da sua estrat\u00e9gia de marca.\" \/>\n<meta property=\"og:url\" content=\"https:\/\/osabrandingstudio.com\/en\/\" \/>\n<meta property=\"og:site_name\" content=\"OSA Branding Studio\" \/>\n<meta property=\"article:modified_time\" content=\"2026-02-27T01:57:58+00:00\" \/>\n<meta property=\"og:image\" content=\"https:\/\/osabrandingstudio.com\/wp-content\/uploads\/2023\/09\/logo.png\" \/>\n\t<meta property=\"og:image:width\" content=\"184\" \/>\n\t<meta property=\"og:image:height\" content=\"102\" \/>\n\t<meta property=\"og:image:type\" content=\"image\/png\" \/>\n<meta name=\"twitter:card\" content=\"summary_large_image\" \/>\n<meta name=\"twitter:label1\" content=\"Est. reading time\" \/>\n\t<meta name=\"twitter:data1\" content=\"1 minute\" \/>\n<script type=\"application\/ld+json\" class=\"yoast-schema-graph\">{\"@context\":\"https:\\\/\\\/schema.org\",\"@graph\":[{\"@type\":\"WebPage\",\"@id\":\"https:\\\/\\\/osabrandingstudio.com\\\/\",\"url\":\"https:\\\/\\\/osabrandingstudio.com\\\/\",\"name\":\"\u00d4SA | diferente do que est\u00e1s habituado.\",\"isPartOf\":{\"@id\":\"https:\\\/\\\/osabrandingstudio.com\\\/#website\"},\"primaryImageOfPage\":{\"@id\":\"https:\\\/\\\/osabrandingstudio.com\\\/#primaryimage\"},\"image\":{\"@id\":\"https:\\\/\\\/osabrandingstudio.com\\\/#primaryimage\"},\"thumbnailUrl\":\"https:\\\/\\\/osabrandingstudio.com\\\/wp-content\\\/uploads\\\/2023\\\/09\\\/logo.png\",\"datePublished\":\"2025-06-10T01:52:34+00:00\",\"dateModified\":\"2026-02-27T01:57:58+00:00\",\"description\":\"Ag\u00eancia especializada em Branding e Design, usando t\u00e9cnicas criativas e conceituais, ajudando empresas na cria\u00e7\u00e3o da sua estrat\u00e9gia de marca.\",\"breadcrumb\":{\"@id\":\"https:\\\/\\\/osabrandingstudio.com\\\/#breadcrumb\"},\"inLanguage\":\"en-US\",\"potentialAction\":[{\"@type\":\"ReadAction\",\"target\":[\"https:\\\/\\\/osabrandingstudio.com\\\/\"]}]},{\"@type\":\"ImageObject\",\"inLanguage\":\"en-US\",\"@id\":\"https:\\\/\\\/osabrandingstudio.com\\\/#primaryimage\",\"url\":\"https:\\\/\\\/osabrandingstudio.com\\\/wp-content\\\/uploads\\\/2023\\\/09\\\/logo.png\",\"contentUrl\":\"https:\\\/\\\/osabrandingstudio.com\\\/wp-content\\\/uploads\\\/2023\\\/09\\\/logo.png\",\"width\":184,\"height\":102},{\"@type\":\"BreadcrumbList\",\"@id\":\"https:\\\/\\\/osabrandingstudio.com\\\/#breadcrumb\",\"itemListElement\":[{\"@type\":\"ListItem\",\"position\":1,\"name\":\"In\u00edcio\",\"item\":\"https:\\\/\\\/osabrandingstudio.com\\\/\"},{\"@type\":\"ListItem\",\"position\":2,\"name\":\"abertura\"}]},{\"@type\":\"WebSite\",\"@id\":\"https:\\\/\\\/osabrandingstudio.com\\\/#website\",\"url\":\"https:\\\/\\\/osabrandingstudio.com\\\/\",\"name\":\"OSA Branding Studio\",\"description\":\"\",\"publisher\":{\"@id\":\"https:\\\/\\\/osabrandingstudio.com\\\/#organization\"},\"potentialAction\":[{\"@type\":\"SearchAction\",\"target\":{\"@type\":\"EntryPoint\",\"urlTemplate\":\"https:\\\/\\\/osabrandingstudio.com\\\/?s={search_term_string}\"},\"query-input\":{\"@type\":\"PropertyValueSpecification\",\"valueRequired\":true,\"valueName\":\"search_term_string\"}}],\"inLanguage\":\"en-US\"},{\"@type\":\"Organization\",\"@id\":\"https:\\\/\\\/osabrandingstudio.com\\\/#organization\",\"name\":\"OSA Branding Studio\",\"url\":\"https:\\\/\\\/osabrandingstudio.com\\\/\",\"logo\":{\"@type\":\"ImageObject\",\"inLanguage\":\"en-US\",\"@id\":\"https:\\\/\\\/osabrandingstudio.com\\\/#\\\/schema\\\/logo\\\/image\\\/\",\"url\":\"https:\\\/\\\/osabrandingstudio.com\\\/wp-content\\\/uploads\\\/2023\\\/09\\\/cropped-logo1.png\",\"contentUrl\":\"https:\\\/\\\/osabrandingstudio.com\\\/wp-content\\\/uploads\\\/2023\\\/09\\\/cropped-logo1.png\",\"width\":265,\"height\":147,\"caption\":\"OSA Branding Studio\"},\"image\":{\"@id\":\"https:\\\/\\\/osabrandingstudio.com\\\/#\\\/schema\\\/logo\\\/image\\\/\"}}]}<\/script>\n<!-- \/ Yoast SEO plugin. -->","yoast_head_json":{"title":"\u00d4SA | diferente do que est\u00e1s habituado.","description":"Ag\u00eancia especializada em Branding e Design, usando t\u00e9cnicas criativas e conceituais, ajudando empresas na cria\u00e7\u00e3o da sua estrat\u00e9gia de marca.","robots":{"index":"index","follow":"follow","max-snippet":"max-snippet:-1","max-image-preview":"max-image-preview:large","max-video-preview":"max-video-preview:-1"},"canonical":"https:\/\/osabrandingstudio.com\/en\/","og_locale":"en_US","og_type":"article","og_title":"\u00d4SA | diferente do que est\u00e1s habituado.","og_description":"Ag\u00eancia especializada em Branding e Design, usando t\u00e9cnicas criativas e conceituais, ajudando empresas na cria\u00e7\u00e3o da sua estrat\u00e9gia de marca.","og_url":"https:\/\/osabrandingstudio.com\/en\/","og_site_name":"OSA Branding Studio","article_modified_time":"2026-02-27T01:57:58+00:00","og_image":[{"width":184,"height":102,"url":"https:\/\/osabrandingstudio.com\/wp-content\/uploads\/2023\/09\/logo.png","type":"image\/png"}],"twitter_card":"summary_large_image","twitter_misc":{"Est. reading time":"1 minute"},"schema":{"@context":"https:\/\/schema.org","@graph":[{"@type":"WebPage","@id":"https:\/\/osabrandingstudio.com\/","url":"https:\/\/osabrandingstudio.com\/","name":"\u00d4SA | diferente do que est\u00e1s habituado.","isPartOf":{"@id":"https:\/\/osabrandingstudio.com\/#website"},"primaryImageOfPage":{"@id":"https:\/\/osabrandingstudio.com\/#primaryimage"},"image":{"@id":"https:\/\/osabrandingstudio.com\/#primaryimage"},"thumbnailUrl":"https:\/\/osabrandingstudio.com\/wp-content\/uploads\/2023\/09\/logo.png","datePublished":"2025-06-10T01:52:34+00:00","dateModified":"2026-02-27T01:57:58+00:00","description":"Ag\u00eancia especializada em Branding e Design, usando t\u00e9cnicas criativas e conceituais, ajudando empresas na cria\u00e7\u00e3o da sua estrat\u00e9gia de marca.","breadcrumb":{"@id":"https:\/\/osabrandingstudio.com\/#breadcrumb"},"inLanguage":"en-US","potentialAction":[{"@type":"ReadAction","target":["https:\/\/osabrandingstudio.com\/"]}]},{"@type":"ImageObject","inLanguage":"en-US","@id":"https:\/\/osabrandingstudio.com\/#primaryimage","url":"https:\/\/osabrandingstudio.com\/wp-content\/uploads\/2023\/09\/logo.png","contentUrl":"https:\/\/osabrandingstudio.com\/wp-content\/uploads\/2023\/09\/logo.png","width":184,"height":102},{"@type":"BreadcrumbList","@id":"https:\/\/osabrandingstudio.com\/#breadcrumb","itemListElement":[{"@type":"ListItem","position":1,"name":"In\u00edcio","item":"https:\/\/osabrandingstudio.com\/"},{"@type":"ListItem","position":2,"name":"abertura"}]},{"@type":"WebSite","@id":"https:\/\/osabrandingstudio.com\/#website","url":"https:\/\/osabrandingstudio.com\/","name":"OSA Branding Studio","description":"","publisher":{"@id":"https:\/\/osabrandingstudio.com\/#organization"},"potentialAction":[{"@type":"SearchAction","target":{"@type":"EntryPoint","urlTemplate":"https:\/\/osabrandingstudio.com\/?s={search_term_string}"},"query-input":{"@type":"PropertyValueSpecification","valueRequired":true,"valueName":"search_term_string"}}],"inLanguage":"en-US"},{"@type":"Organization","@id":"https:\/\/osabrandingstudio.com\/#organization","name":"OSA Branding Studio","url":"https:\/\/osabrandingstudio.com\/","logo":{"@type":"ImageObject","inLanguage":"en-US","@id":"https:\/\/osabrandingstudio.com\/#\/schema\/logo\/image\/","url":"https:\/\/osabrandingstudio.com\/wp-content\/uploads\/2023\/09\/cropped-logo1.png","contentUrl":"https:\/\/osabrandingstudio.com\/wp-content\/uploads\/2023\/09\/cropped-logo1.png","width":265,"height":147,"caption":"OSA Branding Studio"},"image":{"@id":"https:\/\/osabrandingstudio.com\/#\/schema\/logo\/image\/"}}]}},"_links":{"self":[{"href":"https:\/\/osabrandingstudio.com\/en\/wp-json\/wp\/v2\/pages\/2362","targetHints":{"allow":["GET"]}}],"collection":[{"href":"https:\/\/osabrandingstudio.com\/en\/wp-json\/wp\/v2\/pages"}],"about":[{"href":"https:\/\/osabrandingstudio.com\/en\/wp-json\/wp\/v2\/types\/page"}],"author":[{"embeddable":true,"href":"https:\/\/osabrandingstudio.com\/en\/wp-json\/wp\/v2\/users\/1"}],"replies":[{"embeddable":true,"href":"https:\/\/osabrandingstudio.com\/en\/wp-json\/wp\/v2\/comments?post=2362"}],"version-history":[{"count":0,"href":"https:\/\/osabrandingstudio.com\/en\/wp-json\/wp\/v2\/pages\/2362\/revisions"}],"wp:featuredmedia":[{"embeddable":true,"href":"https:\/\/osabrandingstudio.com\/en\/wp-json\/wp\/v2\/media\/2822"}],"wp:attachment":[{"href":"https:\/\/osabrandingstudio.com\/en\/wp-json\/wp\/v2\/media?parent=2362"}],"curies":[{"name":"wp","href":"https:\/\/api.w.org\/{rel}","templated":true}]}}